{"id":917,"date":"2018-05-15T12:14:33","date_gmt":"2018-05-15T12:14:33","guid":{"rendered":"http:\/\/www.nextculture-organizations.org\/imprint"},"modified":"2018-05-15T12:56:38","modified_gmt":"2018-05-15T12:56:38","slug":"imprint","status":"publish","type":"page","link":"https:\/\/nextculture-organizations.org\/en\/imprint\/","title":{"rendered":"Imprint"},"content":{"rendered":"<p>[et_pb_section fb_built=&#8221;1&#8243; admin_label=&#8221;section&#8221; _builder_version=&#8221;3.0.47&#8243; custom_padding=&#8221;30px|0px|30px|0px|false|false&#8221;][et_pb_row _builder_version=&#8221;3.0.82&#8243;][et_pb_column type=&#8221;4_4&#8243; _builder_version=&#8221;3.0.82&#8243; parallax=&#8221;off&#8221; parallax_method=&#8221;on&#8221;][et_pb_text _builder_version=&#8221;3.0.82&#8243;]<\/p>\n<h3>Imprint<\/h3>\n<p>[\/et_pb_text][\/et_pb_column][\/et_pb_row][et_pb_row custom_padding=&#8221;0px|0px|27px|0px&#8221; admin_label=&#8221;row&#8221; _builder_version=&#8221;3.0.47&#8243; background_size=&#8221;initial&#8221; background_position=&#8221;top_left&#8221; background_repeat=&#8221;repeat&#8221;][et_pb_column type=&#8221;4_4&#8243; _builder_version=&#8221;3.0.47&#8243; parallax=&#8221;off&#8221; parallax_method=&#8221;on&#8221;][et_pb_text admin_label=&#8221;Text&#8221; _builder_version=&#8221;3.0.47&#8243; background_size=&#8221;initial&#8221; background_position=&#8221;top_left&#8221; background_repeat=&#8221;repeat&#8221;]<\/p>\n<table width=\"100%\">\n<tbody>\n<tr>\n<td width=\"120\">Company:<\/td>\n<td>Next Culture Organizations GbR<\/td>\n<\/tr>\n<tr>\n<td>Located:<\/td>\n<td>Keckweg 17<br \/>\n82288 Kottgeisering<br \/>\nDeutschland<\/td>\n<\/tr>\n<tr>\n<td>Phone:<\/td>\n<td>+49 (0)89-384 63 36 5 (Office Munich) oder +49 (0)8144-246 03 47 (Office Ammersee)<\/td>\n<\/tr>\n<tr>\n<td>E-Mail:<\/td>\n<td><span id=\"cloak9731d1c00b4422a53cb794d7b07a7659\"><a href=\"mailto:post@nextculture-organizations.org\">post@nextculture-organizations.org<\/a><\/span><\/td>\n<\/tr>\n<tr>\n<td>USt.-ID-Nr.:<\/td>\n<td>DE299612785<\/td>\n<\/tr>\n<tr>\n<td>Responsible for the content:<\/td>\n<td>Nicola Nagel &amp; Patrizia Patz (Servidio)<\/p>\n<p>&nbsp;<\/td>\n<\/tr>\n<tr>\n<td>Pictures:<\/td>\n<td>Fotolia, Pixabay, Unsplash<\/td>\n<\/tr>\n<\/tbody>\n<\/table>\n<p>&nbsp;<\/p>\n<p><strong>Disclaimer<\/strong><br \/>\n(Source: S&amp;K Rechtsanw\u00e4lte\u00a0<a href=\"http:\/\/www.streifler.de\/kostenloser-Disclaimer-deutsch-2C-englisch-und-franzoesisch-_2129.html\">www.streifler.de<\/a>)<\/p>\n<p><strong>Liability for Content<\/strong><br \/>\nwe make every effort to keep the information on our Web site current, but accept no liability whatsoever for the content provided.<br \/>\nPursuant to \u00a77 par. 1 of TMG (German Tele-Media Act), the law limits our responsibility as a service provider to our own content on these Web pages.<br \/>\nAccording to \u00a7\u00a78 to 10 of TMG, we are not obligated to monitor third party information provided or stored on our Web site. However, we shall promptly remove any content upon becoming aware that it violates the law. Our liability in such an instance shall commence at the time we become aware of the respective violation.<\/p>\n<p><strong>Liability for Links<\/strong><br \/>\nOur site contains links to third-party Web sites. We have no influence whatsoever on the information on these Web sites and accept no guaranty for its correctness. The content of such third-party sites is the responsibility of the respective owners\/providers.<\/p>\n<p>At the time third-party Web sites were linked to ours, we found NO GROUNDS WHATSOEVER of any likely contravention of the law. However, a permanent check of contents of the linked websites is not reasonable without concrete evidence of contravention of the law. We shall promptly delete a link upon becoming aware that it violates the law.<\/p>\n<p><strong>Copyright<\/strong><br \/>\nThe content and works provided on these Web pages are governed by the copyright laws of Germany. Duplication, processing, distribution, or any form of commercialization of such material beyond the scope of the copyright law shall require the prior written consent of its respective author or creator.<\/p>\n<p>Downloads and copies of this site are only for private purposes and not allowed for commercial use. If\u00a0 contents on this site have not been created by the site provider, the copyrights of third parties are respected. Especially contents of third parties are marked as such. Should you still become aware of copyright\u00a0 infringement, we ask you for immediate notice. Upon notice of rights violation we will remove such contents immediately.<\/p>\n<p><strong>Data Protection<\/strong><br \/>\nPlease be aware that there are inherent security risks in transmitting data, such as e-mails, via the Internet, because it is impossible to safeguard completely against unauthorized access by third parties. Nevertheless, we shall safeguard your data, subject to this limitation. In particular, personal information will be transmitted via the Internet only if it does not infringe upon third-party rights, unless the respective party has given its prior consent in view of such security risks. Accordingly, as the Web site provider, we shall not be held liable for any damages incurred as a consequence of such security risks or for any related acts of omission on our part.<\/p>\n<p>We oppose the use of any available contact information by a third party for sending unsolicited advertisements. As the Web site provider, we reserve the express right to take legal action against unsolicited mailing or e-mailing of spam and other similar advertising materials.<\/p>\n<hr \/>\n<p>&nbsp;<\/p>\n<p><strong>Notes on Training and Coaching Participation<\/strong><br \/>\nIn the following I would like to give you clarity regarding the kind of work we do in trainings and coachings of Next Culture Organization. Please read these notes carefully. With your registration and participation in our trainings or coachings you automatically accept these notes as well as the GTC.<\/p>\n<p class=\"pdf-jck\"><a href=\"http:\/\/www.nextculture-organizations.org\/en\/training-hints\">Notes on Training and Coaching Participation<\/a><\/p>\n<p class=\"pdf-jck\"><a href=\"http:\/\/www.nextculture-organizations.org\/en\/gtc\">GTC (General terms and conditions)<\/a><\/p>\n<p>[\/et_pb_text][\/et_pb_column][\/et_pb_row][\/et_pb_section]<\/p>\n","protected":false},"excerpt":{"rendered":"<p>Imprint Company: Next Culture Organizations GbR Located: Keckweg 17 82288 Kottgeisering Deutschland Phone: +49 (0)89-384 63 36 5 (Office Munich) oder +49 (0)8144-246 03 47 (Office Ammersee) E-Mail: post@nextculture-organizations.org USt.-ID-Nr.: DE299612785 Responsible for the content: Nicola Nagel &amp; Patrizia Patz (Servidio) &nbsp; Pictures: Fotolia, Pixabay, Unsplash &nbsp; Disclaimer (Source: S&amp;K Rechtsanw\u00e4lte\u00a0www.streifler.de) Liability for Content we [&hellip;]<\/p>\n","protected":false},"author":1,"featured_media":0,"parent":0,"menu_order":0,"comment_status":"closed","ping_status":"closed","template":"","meta":{"_et_pb_use_builder":"on","_et_pb_old_content":"\u00a0\r\n<div id=\"previewWrapper\">\r\n<table width=\"100%\">\r\n<tbody>\r\n<tr>\r\n<td width=\"120\">Firma:<\/td>\r\n<td>Next Culture Organizations GbR<\/td>\r\n<\/tr>\r\n<tr>\r\n<td>Adresse:<\/td>\r\n<td>Keckweg 17\r\n82288 Kottgeisering\r\nDeutschland<\/td>\r\n<\/tr>\r\n<tr>\r\n<td>Telefon:<\/td>\r\n<td>+49 (0)89-384 63 36 5 (B\u00fcro M\u00fcnchen) oder +49 (0)8144-246 03 47 (B\u00fcro Ammersee)<\/td>\r\n<\/tr>\r\n<tr>\r\n<td>E-Mail:<\/td>\r\n<td><span id=\"cloak8c153ee07abbf9c86705cf0ec9b9115f\"><a href=\"mailto:post@nextculture-organizations.org\">post@nextculture-organizations.org<\/a><\/span><\/td>\r\n<\/tr>\r\n<tr>\r\n<td>USt.-ID<\/td>\r\n<td>DE299612785<\/td>\r\n<\/tr>\r\n<tr>\r\n<td>Verantwortlich\r\nf\u00fcr den Inhalt:<\/td>\r\n<td>Nicola Nagel & Patrizia Servidio\r\n\r\n\u00a0<\/td>\r\n<\/tr>\r\n<tr>\r\n<td>Bilder:<\/td>\r\n<td>Pixabay + Unsplash<\/td>\r\n<\/tr>\r\n<\/tbody>\r\n<\/table>\r\n\u00a0\r\n\r\n<strong>Haftungsausschluss (Disclaimer)<\/strong>\r\n(Quelle: eRecht24.de - Internetrecht von Rechtsanwalt S\u00f6ren Siebert)\r\n\r\n<strong>Haftung f\u00fcr Inhalte<\/strong>\r\nDie Inhalte unserer Seiten wurden mit gr\u00f6\u00dfter Sorgfalt erstellt. F\u00fcr die Richtigkeit, Vollst\u00e4ndigkeit und Aktualit\u00e4t der Inhalte k\u00f6nnen wir jedoch keine Gew\u00e4hr \u00fcbernehmen.\r\n\r\nAls Diensteanbieter sind wir gem\u00e4\u00df \u00a7 7 Abs.1 TMG f\u00fcr eigene Inhalte auf diesen Seiten nach den allgemeinen Gesetzen verantwortlich. Nach \u00a7\u00a7 8 bis 10 TMG sind wir als Diensteanbieter jedoch nicht verpflichtet, \u00fcbermittelte oder gespeicherte fremde Informationen zu \u00fcberwachen oder nach Umst\u00e4nden zu forschen, die auf eine rechtswidrige T\u00e4tigkeit hinweisen. Verpflichtungen zur Entfernung oder Sperrung der Nutzung von Informationen nach den allgemeinen Gesetzen bleiben hiervon unber\u00fchrt. Eine diesbez\u00fcgliche Haftung ist jedoch erst ab dem Zeitpunkt der Kenntnis einer konkreten Rechtsverletzung m\u00f6glich. Bei bekannt werden von entsprechenden Rechtsverletzungen werden wir diese Inhalte umgehend entfernen.\r\n\r\n<strong>Haftung f\u00fcr Links<\/strong>\r\nUnser Angebot enth\u00e4lt Links zu externen Webseiten Dritter, auf deren Inhalte wir keinen Einfluss haben. Deshalb k\u00f6nnen wir f\u00fcr diese fremden Inhalte auch keine Gew\u00e4hr \u00fcbernehmen. F\u00fcr die Inhalte der verlinkten Seiten ist stets der jeweilige Anbieter oder Betreiber der Seiten verantwortlich. Die verlinkten Seiten wurden zum Zeitpunkt der Verlinkung auf m\u00f6gliche Rechtsverst\u00f6\u00dfe \u00fcberpr\u00fcft. Rechtswidrige Inhalte waren zum Zeitpunkt der Verlinkung nicht erkennbar. Eine permanente inhaltliche Kontrolle der verlinkten Seiten ist jedoch ohne konkrete Anhaltspunkte einer Rechtsverletzung nicht zumutbar. Bei Bekanntwerden von Rechtsverletzungen werden wir derartige Links umgehend entfernen.\r\n\r\n<strong>Urheberrecht<\/strong>\r\nDie durch die Seitenbetreiber erstellten Inhalte und Werke auf diesen Seiten unterliegen dem deutschen Urheberrecht. Die Vervielf\u00e4ltigung, Bearbeitung, Verbreitung und jede Art der Verwertung au\u00dferhalb der Grenzen des Urheberrechtes bed\u00fcrfen der schriftlichen Zustimmung des jeweiligen Autors bzw. Erstellers. Downloads und Kopien dieser Seite sind nur f\u00fcr den privaten, nicht kommerziellen Gebrauch gestattet. Soweit die Inhalte auf dieser Seite nicht vom Betreiber erstellt wurden, werden die Urheberrechte Dritter beachtet. Insbesondere werden Inhalte Dritter als solche gekennzeichnet. Sollten Sie trotzdem auf eine Urheberrechtsverletzung aufmerksam werden, bitten wir um einen entsprechenden Hinweis. Bei Bekanntwerden von Rechtsverletzungen werden wir derartige Inhalte umgehend entfernen.\r\n\r\n<strong>Wir mahnen nicht ab ohne vorherigen Kontakt<\/strong>\r\nWir mahnen Webseiten, mit denen wir im Wettbewerb stehen oder die unsere Rechte verletzen, nicht ab, ohne diese vorher auf die Rechtswidrigkeit hingewiesen und ihnen insoweit M\u00f6glichkeit zur Beseitigung der Rechtswidrigkeit gegeben zu haben. Gleichzeitig bitten wir um Hinweise und vorherigen Kontakt ohne Kostennote und Abmahnung an uns, sollten Inhalte unserer Webseite gegen geltendes Recht versto\u00dfen oder Rechte Dritter verletzen. Wir sind stets um die Rechtm\u00e4\u00dfigkeit unserer Webseite bem\u00fcht. Wir werden die beanstandeten Inhalte unverz\u00fcglich \u00fcberpr\u00fcfen und in angemessener Frist die Rechtswidrigkeit beseitigen bzw. anpassen. Wir wissen, dass uns diese Passage nicht vor rechtm\u00e4\u00dfigen Abmahnungen sch\u00fctzt.\r\n\r\n<\/div>\r\n<!--more-->\r\n\r\n<strong>AGB & Hinweise zur Teilnahme an Trainings und Coachings\r\n<\/strong>Im Folgenden m\u00f6chte ich Sie \u00fcber die Arbeitsweise bei den Trainings und Coachings von Next Culuture Organizations GbR aufkl\u00e4ren. Bitte nehmen Sie diese Hinweise sorgf\u00e4ltig zur Kenntnis. Mit Teilnahme an einem Training oder Coaching stimmen Sie diesen, ebenso wie den AGB automatisch zu.\r\n<p class=\"pdf-jck\">Hinweise zur Teilnahme an Trainings & Coachings<\/p>\r\n<p class=\"pdf-jck\">AGB (Allgemeine Gesch\u00e4ftsbedingungen)<\/p>","_et_gb_content_width":"","footnotes":""},"class_list":["post-917","page","type-page","status-publish","hentry"],"_links":{"self":[{"href":"https:\/\/nextculture-organizations.org\/en\/wp-json\/wp\/v2\/pages\/917","targetHints":{"allow":["GET"]}}],"collection":[{"href":"https:\/\/nextculture-organizations.org\/en\/wp-json\/wp\/v2\/pages"}],"about":[{"href":"https:\/\/nextculture-organizations.org\/en\/wp-json\/wp\/v2\/types\/page"}],"author":[{"embeddable":true,"href":"https:\/\/nextculture-organizations.org\/en\/wp-json\/wp\/v2\/users\/1"}],"replies":[{"embeddable":true,"href":"https:\/\/nextculture-organizations.org\/en\/wp-json\/wp\/v2\/comments?post=917"}],"version-history":[{"count":7,"href":"https:\/\/nextculture-organizations.org\/en\/wp-json\/wp\/v2\/pages\/917\/revisions"}],"predecessor-version":[{"id":985,"href":"https:\/\/nextculture-organizations.org\/en\/wp-json\/wp\/v2\/pages\/917\/revisions\/985"}],"wp:attachment":[{"href":"https:\/\/nextculture-organizations.org\/en\/wp-json\/wp\/v2\/media?parent=917"}],"curies":[{"name":"wp","href":"https:\/\/api.w.org\/{rel}","templated":true}]}}